{"id":23154,"date":"2025-12-03T18:08:24","date_gmt":"2025-12-03T18:08:24","guid":{"rendered":"https:\/\/aurasellerservices.com\/?post_type=product&#038;p=23154"},"modified":"2025-12-03T18:08:24","modified_gmt":"2025-12-03T18:08:24","slug":"hivi-swans-hifi-stereo-m1a-classic-passive-monitors-speaker-2-way-4th-order-vented-6-5bass-midrange-isodynamic-ribbon-tweeter","status":"publish","type":"product","link":"https:\/\/aurasellerservices.com\/index.php\/product\/hivi-swans-hifi-stereo-m1a-classic-passive-monitors-speaker-2-way-4th-order-vented-6-5bass-midrange-isodynamic-ribbon-tweeter\/","title":{"rendered":"HiVi Swans hifi Stereo M1A Classic Passive Monitors speaker 2-way 4th-order vented 6.5bass-midrange Isodynamic ribbon tweeter"},"content":{"rendered":"<p><p>[xlmodel]-[custom]-[8888[xlmodel]-[photo]-[0000]M1A 2.0 Channel Hi-Fi Home Audio Multimedia Speakers wireless flagship bookshelf speakers Bluetooth, Wi-Fi, Optical LAN line putParametersM1ASystem TypeTwo-way 4th-order vented speaker systemDrivers Configuration6.5&quot; midbass driver;isodynamic ribbon tweeteFrequency Range44Hz-20kHz \u00b13dB (free space)Harmonic Distortion90Hz-20kHz \u22641% (85dB\/1m)Audio InputOptical, Bluetooth, Wi-Fi, RJ45Rated PowerRMS 120W\u00d72Signal-to-Noise&gt;91dB (Unweighted)Input sensitivity400mVInput impedance22k\u03a9Maximum Input3000mVFinishLuxurious Solid Birch WoodDimension(W\u00d7D\u00d7H)9.45&quot;\u00d714.17&quot;\u00d714.53&quot;Net Weight(each)Main Speaker: 30.64 lbs;Slave Speaker: 29.98 lbsContemporary Hi-Fi Wireless SpeakersM1A is Swan\u2019s wireless flagship bookshelf speakers created for today\u2019s internet cloud media era. It has acomplete set of interfaces, supporting Bluetooth, Wi-Fi, Optical, LAN and line put. It\u2019s able to be used in theliving room, destop, gaming setup or professional recording studios etc.Award Winning SoundM1A uses the newest generation of Swan shielded isodynamic ribbon tweeter and a professional 6.5\u201d Kevlarcone woofer. Each driver operates within their optimal linear range, making the two drivers work seamlesslytogether and enhancing the dynamic range of sound.Luxurious Solid Wood CabinetLuxurious high-density solid wood is applied to create a low resonance cabinet suitable for high-quality audioreproduction.Multifunctional Remote ControlAn easy switch between different modes can be done with this fashion wire drawing remote control. You can also adjust the volume to your own preference with it.<\/p>\n<p><img decoding=\"async\" class=\"img-responsive\" src=\"\/\/ae01.alicdn.com\/kf\/HTB1lHTVbO6guuRjy0Fmq6y0DXXaq.jpg\"\/><img decoding=\"async\" class=\"img-responsive\" src=\"\/\/ae01.alicdn.com\/kf\/HTB1ZodcAIuYBuNkSmRyq6AA3pXaQ.jpg\"\/><img decoding=\"async\" class=\"img-responsive\" src=\"\/\/ae01.alicdn.com\/kf\/HTB1bPqwIVOWBuNjy0Fiq6xFxVXar.jpg\"\/><img decoding=\"async\" class=\"img-responsive\" src=\"\/\/ae01.alicdn.com\/kf\/HTB114FsmqAoBKNjSZSyq6yHAVXa7.jpg\"\/><img decoding=\"async\" class=\"img-responsive\" src=\"\/\/ae01.alicdn.com\/kf\/HTB1C2qsI1SSBuNjy0Flq6zBpVXa0.jpg\"\/><img decoding=\"async\" class=\"img-responsive\" src=\"\/\/ae01.alicdn.com\/kf\/HTB1zvrWmsj_B1NjSZFHq6yDWpXa4.jpg\"\/><\/p>\n","protected":false},"excerpt":{"rendered":"<p>[xlmodel]-[custom]-[8888[xlmodel]-[photo]-[0000]M1A 2.0 Channel Hi-Fi Home Audio Multimedia Speakers wireless flagship bookshelf speakers Bluetooth, Wi-Fi, Optical LAN line putParametersM1ASystem TypeTwo-way 4th-order vented speaker systemDrivers Configuration6.5&quot; midbass driver;isodynamic ribbon tweeteFrequency Range44Hz-20kHz \u00b13dB (free space)Harmonic Distortion90Hz-20kHz \u22641% (85dB\/1m)Audio InputOptical, Bluetooth, Wi-Fi, RJ45Rated PowerRMS 120W\u00d72Signal-to-Noise&gt;91dB (Unweighted)Input sensitivity400mVInput impedance22k\u03a9Maximum Input3000mVFinishLuxurious Solid Birch WoodDimension(W\u00d7D\u00d7H)9.45&quot;\u00d714.17&quot;\u00d714.53&quot;Net Weight(each)Main Speaker: 30.64 lbs;Slave Speaker: 29.98 lbsContemporary<\/p>\n<div class=\"klb-readmore button\"><a class=\"btn link\" href=\"https:\/\/aurasellerservices.com\/index.php\/product\/hivi-swans-hifi-stereo-m1a-classic-passive-monitors-speaker-2-way-4th-order-vented-6-5bass-midrange-isodynamic-ribbon-tweeter\/\">Read More <i class=\"klbth-icon-right-arrow\"><\/i><\/a><\/div>\n","protected":false},"featured_media":23176,"comment_status":"open","ping_status":"closed","template":"","meta":[],"product_brand":[],"product_cat":[729],"product_tag":[],"class_list":{"0":"post-23154","1":"product","2":"type-product","3":"status-publish","4":"has-post-thumbnail","6":"product_cat-speakers","8":"first","9":"instock","10":"shipping-taxable","11":"purchasable","12":"product-type-simple"},"_links":{"self":[{"href":"https:\/\/aurasellerservices.com\/index.php\/wp-json\/wp\/v2\/product\/23154","targetHints":{"allow":["GET"]}}],"collection":[{"href":"https:\/\/aurasellerservices.com\/index.php\/wp-json\/wp\/v2\/product"}],"about":[{"href":"https:\/\/aurasellerservices.com\/index.php\/wp-json\/wp\/v2\/types\/product"}],"replies":[{"embeddable":true,"href":"https:\/\/aurasellerservices.com\/index.php\/wp-json\/wp\/v2\/comments?post=23154"}],"wp:featuredmedia":[{"embeddable":true,"href":"https:\/\/aurasellerservices.com\/index.php\/wp-json\/wp\/v2\/media\/23176"}],"wp:attachment":[{"href":"https:\/\/aurasellerservices.com\/index.php\/wp-json\/wp\/v2\/media?parent=23154"}],"wp:term":[{"taxonomy":"product_brand","embeddable":true,"href":"https:\/\/aurasellerservices.com\/index.php\/wp-json\/wp\/v2\/product_brand?post=23154"},{"taxonomy":"product_cat","embeddable":true,"href":"https:\/\/aurasellerservices.com\/index.php\/wp-json\/wp\/v2\/product_cat?post=23154"},{"taxonomy":"product_tag","embeddable":true,"href":"https:\/\/aurasellerservices.com\/index.php\/wp-json\/wp\/v2\/product_tag?post=23154"}],"curies":[{"name":"wp","href":"https:\/\/api.w.org\/{rel}","templated":true}]}}